{"id":1389,"date":"2025-06-23T22:16:51","date_gmt":"2025-06-23T20:16:51","guid":{"rendered":"https:\/\/liceulvinga.ro\/index.php\/accessibility-statement\/"},"modified":"2025-06-23T22:20:16","modified_gmt":"2025-06-23T20:20:16","slug":"accessibility-statement","status":"publish","type":"page","link":"https:\/\/liceulvinga.ro\/index.php\/accessibility-statement\/","title":{"rendered":"Accessibility Statement"},"content":{"rendered":"<div class=\"accessibility-statement\">\n<h1>Accessibility Statement<\/h1>\n<p><strong>Liceul Tehnologic Vinga<\/strong> is committed to ensuring digital accessibility for people with disabilities. We are continually improving the user experience for everyone, and applying the relevant accessibility standards.<\/p>\n<h2>Conformance Status<\/h2>\n<p>The Web Content Accessibility Guidelines (WCAG) defines requirements for designers and developers to improve accessibility for people with disabilities. It defines three levels of conformance: Level A, Level AA, and Level AAA. Liceul Tehnologic Vinga is partially conformant with WCAG 2.1 level AA. Partially conformant means that some parts of the content do not fully conform to the accessibility standard.<\/p>\n<h2>Feedback<\/h2>\n<p>We welcome your feedback on the accessibility of Liceul Tehnologic Vinga. Please let us know if you encounter accessibility barriers on Liceul Tehnologic Vinga:<\/p>\n<ul>\n<li>Email: <a href=\"mailto:scoalavinga@gmail.com\">scoalavinga@gmail.com<\/a><\/li>\n<\/ul>\n<p>We try to respond to feedback within 2 business days.<\/p>\n<h2>Assessment Approach<\/h2>\n<p>Liceul Tehnologic Vinga assessed the accessibility of its website by the following approaches:<\/p>\n<ul>\n<li>Self-evaluation<\/li>\n<\/ul>\n<h2>Technical Specifications<\/h2>\n<p>Accessibility of this website relies on the following technologies to work with the particular combination of web browser and any assistive technologies or plugins installed on your computer:<\/p>\n<ul>\n<li>HTML<\/li>\n<li>CSS<\/li>\n<li>JavaScript<\/li>\n<\/ul>\n<p>These technologies are relied upon for conformance with the accessibility standards used.<\/p>\n<h2>Limitations and Alternatives<\/h2>\n<p>Despite our best efforts to ensure accessibility of the website, there may be some limitations. Below is a description of known limitations, and potential solutions. Please contact us if you observe an issue not listed below.<\/p>\n<p>Known limitations for the website:<\/p>\n<ul>\n<li>Comments from users: User-generated content may not be fully accessible. We cannot control or fix this content since it is provided by third parties.<\/li>\n<li>Third-party content: We do not control the accessibility of third-party content, such as social media content, maps, or videos. We try to ensure any third-party providers we select support accessibility standards.<\/li>\n<\/ul>\n<h2>Date<\/h2>\n<p>This statement was created on 23\/06\/2025.<\/p>\n<\/div>\n\n\n<p><strong>Declara\u021bie de accesibilitate<\/strong><br><br>Liceul Tehnologic Vinga se angajeaz\u0103 s\u0103 asigure accesibilitatea digital\u0103 pentru persoanele cu dizabilit\u0103\u021bi. \u00cembun\u0103t\u0103\u021bim continuu experien\u021ba utilizatorului pentru toat\u0103 lumea \u0219i aplic\u0103m standardele relevante de accesibilitate.<br><br><strong>Starea conformit\u0103\u021bii<\/strong><br><br>Ghidul de accesibilitate a con\u021binutului web (WCAG) define\u0219te cerin\u021bele pentru designeri \u0219i dezvoltatori pentru a \u00eembun\u0103t\u0103\u021bi accesibilitatea pentru persoanele cu dizabilit\u0103\u021bi. Acesta define\u0219te trei niveluri de conformitate: Nivelul A, Nivelul AA \u0219i Nivelul AAA. Liceul Tehnologic Vinga este par\u021bial conform cu WCAG 2.1 nivelul AA. Par\u021bial conform \u00eenseamn\u0103 c\u0103 unele p\u0103r\u021bi ale con\u021binutului nu respect\u0103 pe deplin standardul de accesibilitate.<br><strong>Feedback<\/strong><br><br>A\u0219tept\u0103m cu ner\u0103bdare feedback-ul dumneavoastr\u0103 cu privire la accesibilitatea Liceului Tehnologic Vinga. V\u0103 rug\u0103m s\u0103 ne anun\u021ba\u021bi dac\u0103 \u00eent\u00e2mpina\u021bi bariere de accesibilitate pe Liceul Tehnologic Vinga:<br><br>E-mail: scoalavinga@gmail.com<br><br>\u00cencerc\u0103m s\u0103 r\u0103spundem la feedback \u00een termen de 2 zile lucr\u0103toare.<br><strong>Abordarea evalu\u0103rii<\/strong><br><br>Liceul Tehnologic Vinga a evaluat accesibilitatea site-ului s\u0103u web prin urm\u0103toarele abord\u0103ri:<br><br>Autoevaluare<br><br><strong>Specifica\u021bii tehnice<\/strong><br><br>Accesibilitatea acestui site web se bazeaz\u0103 pe urm\u0103toarele tehnologii pentru a func\u021biona cu combina\u021bia particular\u0103 de browser web \u0219i orice tehnologii sau pluginuri de asisten\u021b\u0103 instalate pe computer:<br><br>HTML<br>CSS<br>JavaScript<br><br>Aceste tehnologii sunt utilizate pentru conformitatea cu standardele de accesibilitate utilizate.<br><strong>Limit\u0103ri \u0219i alternative<\/strong><br><br>\u00cen ciuda eforturilor noastre de a asigura accesibilitatea site-ului web, pot exista unele limit\u0103ri. Mai jos este o descriere a limit\u0103rilor cunoscute \u0219i a poten\u021bialelor solu\u021bii. V\u0103 rug\u0103m s\u0103 ne contacta\u021bi dac\u0103 observa\u021bi o problem\u0103 care nu este enumerat\u0103 mai jos.<br><br>Limit\u0103ri cunoscute pentru site-ul web:<br><br>Comentarii de la utilizatori: Con\u021binutul generat de utilizatori poate s\u0103 nu fie complet accesibil. Nu putem controla sau remedia acest con\u021binut, deoarece este furnizat de ter\u021bi.<br>Con\u021binut ter\u021b: Nu control\u0103m accesibilitatea con\u021binutului ter\u021b, cum ar fi con\u021binutul de pe re\u021belele sociale, h\u0103r\u021bile sau videoclipurile. \u00cencerc\u0103m s\u0103 ne asigur\u0103m c\u0103 orice furnizori ter\u021bi pe care \u00eei select\u0103m accept\u0103 standardele de accesibilitate.<br><br><strong>Data<\/strong><br><br>Aceast\u0103 declara\u021bie a fost creat\u0103 la 23.06.2025.<\/p>\n","protected":false},"excerpt":{"rendered":"<p>Accessibility Statement Liceul Tehnologic Vinga is committed to ensuring digital accessibility for people with disabilities. We are continually improving the user experience for everyone, and applying the relevant accessibility standards. Conformance Status The Web Content Accessibility Guidelines (WCAG) defines requirements <a href=\"https:\/\/liceulvinga.ro\/index.php\/accessibility-statement\/\" class=\"read-more\">Mai departe &#8230;<\/a><\/p>\n","protected":false},"author":1,"featured_media":0,"parent":0,"menu_order":0,"comment_status":"closed","ping_status":"closed","template":"","meta":{"footnotes":""},"class_list":["post-1389","page","type-page","status-publish","hentry"],"_links":{"self":[{"href":"https:\/\/liceulvinga.ro\/index.php\/wp-json\/wp\/v2\/pages\/1389","targetHints":{"allow":["GET"]}}],"collection":[{"href":"https:\/\/liceulvinga.ro\/index.php\/wp-json\/wp\/v2\/pages"}],"about":[{"href":"https:\/\/liceulvinga.ro\/index.php\/wp-json\/wp\/v2\/types\/page"}],"author":[{"embeddable":true,"href":"https:\/\/liceulvinga.ro\/index.php\/wp-json\/wp\/v2\/users\/1"}],"replies":[{"embeddable":true,"href":"https:\/\/liceulvinga.ro\/index.php\/wp-json\/wp\/v2\/comments?post=1389"}],"version-history":[{"count":1,"href":"https:\/\/liceulvinga.ro\/index.php\/wp-json\/wp\/v2\/pages\/1389\/revisions"}],"predecessor-version":[{"id":1391,"href":"https:\/\/liceulvinga.ro\/index.php\/wp-json\/wp\/v2\/pages\/1389\/revisions\/1391"}],"wp:attachment":[{"href":"https:\/\/liceulvinga.ro\/index.php\/wp-json\/wp\/v2\/media?parent=1389"}],"curies":[{"name":"wp","href":"https:\/\/api.w.org\/{rel}","templated":true}]}}