{"id":1221,"date":"2024-11-13T15:28:06","date_gmt":"2024-11-13T13:28:06","guid":{"rendered":"https:\/\/liceulvinga.ro\/?page_id=1221"},"modified":"2025-01-15T11:57:27","modified_gmt":"2025-01-15T09:57:27","slug":"pnrr","status":"publish","type":"page","link":"https:\/\/liceulvinga.ro\/index.php\/pnrr\/","title":{"rendered":"PNRR"},"content":{"rendered":"\n<figure class=\"wp-block-image size-large\"><img loading=\"lazy\" decoding=\"async\" width=\"1024\" height=\"199\" src=\"https:\/\/liceulvinga.ro\/wp-content\/uploads\/2024\/11\/pnrr_dotlab_h-1024x199.jpg\" alt=\"\" class=\"wp-image-1222\" srcset=\"https:\/\/liceulvinga.ro\/wp-content\/uploads\/2024\/11\/pnrr_dotlab_h-1024x199.jpg 1024w, https:\/\/liceulvinga.ro\/wp-content\/uploads\/2024\/11\/pnrr_dotlab_h-300x58.jpg 300w, https:\/\/liceulvinga.ro\/wp-content\/uploads\/2024\/11\/pnrr_dotlab_h-768x149.jpg 768w, https:\/\/liceulvinga.ro\/wp-content\/uploads\/2024\/11\/pnrr_dotlab_h-360x70.jpg 360w, https:\/\/liceulvinga.ro\/wp-content\/uploads\/2024\/11\/pnrr_dotlab_h.jpg 1518w\" sizes=\"auto, (max-width: 1024px) 100vw, 1024px\" \/><\/figure>\n\n\n\n<p>Lista proiectelor admise \u00een urma etapei de evaluare a eligibilit\u0103\u021bii solicitan\u021bilor \u0219i proiectelor \u00een cadrul apelului \u201eDotarea cu laboratoare de informatic\u0103 \u0219i ateliere de practic\u0103 a unit\u0103\u0163ilor de \u00eenv\u0103\u0163\u0103m\u00e2nt din re\u021beaua \u00eenv\u0103\u021b\u0103m\u00e2ntului profesional \u0219i tehnic\u201d<\/p>\n\n\n\n<figure class=\"wp-block-image size-large\"><img loading=\"lazy\" decoding=\"async\" width=\"1024\" height=\"63\" src=\"https:\/\/liceulvinga.ro\/wp-content\/uploads\/2024\/11\/pnrr_dotlab-1024x63.jpg\" alt=\"\" class=\"wp-image-1223\" srcset=\"https:\/\/liceulvinga.ro\/wp-content\/uploads\/2024\/11\/pnrr_dotlab-1024x63.jpg 1024w, https:\/\/liceulvinga.ro\/wp-content\/uploads\/2024\/11\/pnrr_dotlab-300x18.jpg 300w, https:\/\/liceulvinga.ro\/wp-content\/uploads\/2024\/11\/pnrr_dotlab-768x47.jpg 768w, https:\/\/liceulvinga.ro\/wp-content\/uploads\/2024\/11\/pnrr_dotlab-360x22.jpg 360w, https:\/\/liceulvinga.ro\/wp-content\/uploads\/2024\/11\/pnrr_dotlab.jpg 1482w\" sizes=\"auto, (max-width: 1024px) 100vw, 1024px\" \/><\/figure>\n\n\n\n<p><\/p>\n\n\n\n<p><\/p>\n\n\n\n<p><\/p>\n\n\n\n<hr class=\"wp-block-separator has-alpha-channel-opacity is-style-wide\"\/>\n\n\n\n<p><\/p>\n\n\n\n<p>Pe principiul\u2026 ,, fii tu schimbarea pe care vrei s\u0103 o vezi \u00een lume\u201d \u2026 tocmai am aflat cu bucurie c\u0103 am mai c\u00e2\u0219tigat un proiect prin PNRR pentru dotarea atelierului de practic\u0103 de specialitate pentru <a href=\"https:\/\/www.facebook.com\/people\/Liceul-Tehnologic-Vinga\/100054639600458\/?__cft__[0]=AZXFne5iDGKxRRCoJH5m5t1UV2TtFtN1Ng6gJa3tR44QWaU29_2EHdTWYpv6YZGIVMgbB1As5p4OHkHfxG2qiOyaR0-P2gYHkYmENl7psjtCWWQw5xax2dxGhlX-XuKHIj6JwlcT_JhhYGfCVn2Qc6e7VxgZ5Opga6_knSU8NcVp4Q&amp;__tn__=-]K-R\">Liceul Tehnologic Vinga<\/a> . Proiectul l-am scris \u00een octombrie \u0219i e tot pe bani de la Uniunea European\u0103. Pentru c\u0103 am \u00een\u021beles demult c\u0103 numai a\u0219a ne putem dezvolta, am accesat aproape toate finant\u0103rile posibile pentru a dezvolta \u00eenv\u0103\u021b\u0103m\u00e2ntul din comunitatea noastr\u0103.<\/p>\n\n\n\n<p>Vom dota complet atelierul de practic\u0103 cu suma eligibil\u0103 de 100.000 euro prin cele mai moderne utilaje pe care le vom achizitiona, elevii no\u0219tri vor beneficia de cele mai bune condi\u021bii pentru preg\u0103tirea de specialitate.<\/p>\n\n\n\n<figure class=\"wp-block-image size-large\"><img loading=\"lazy\" decoding=\"async\" width=\"1024\" height=\"460\" src=\"https:\/\/liceulvinga.ro\/wp-content\/uploads\/2024\/12\/468962057_1103847331446577_7137404494155972428_n-1-1024x460.jpg\" alt=\"\" class=\"wp-image-1234\" srcset=\"https:\/\/liceulvinga.ro\/wp-content\/uploads\/2024\/12\/468962057_1103847331446577_7137404494155972428_n-1-1024x460.jpg 1024w, https:\/\/liceulvinga.ro\/wp-content\/uploads\/2024\/12\/468962057_1103847331446577_7137404494155972428_n-1-300x135.jpg 300w, https:\/\/liceulvinga.ro\/wp-content\/uploads\/2024\/12\/468962057_1103847331446577_7137404494155972428_n-1-768x345.jpg 768w, https:\/\/liceulvinga.ro\/wp-content\/uploads\/2024\/12\/468962057_1103847331446577_7137404494155972428_n-1-360x162.jpg 360w, https:\/\/liceulvinga.ro\/wp-content\/uploads\/2024\/12\/468962057_1103847331446577_7137404494155972428_n-1.jpg 1203w\" sizes=\"auto, (max-width: 1024px) 100vw, 1024px\" \/><\/figure>\n\n\n\n<hr class=\"wp-block-separator has-alpha-channel-opacity is-style-dots\"\/>\n\n\n\n<figure class=\"wp-block-image size-large\"><img loading=\"lazy\" decoding=\"async\" width=\"1024\" height=\"174\" src=\"https:\/\/liceulvinga.ro\/wp-content\/uploads\/2025\/01\/banner-lab_p-1024x174.jpg\" alt=\"\" class=\"wp-image-1285\" srcset=\"https:\/\/liceulvinga.ro\/wp-content\/uploads\/2025\/01\/banner-lab_p-1024x174.jpg 1024w, https:\/\/liceulvinga.ro\/wp-content\/uploads\/2025\/01\/banner-lab_p-300x51.jpg 300w, https:\/\/liceulvinga.ro\/wp-content\/uploads\/2025\/01\/banner-lab_p-768x130.jpg 768w, https:\/\/liceulvinga.ro\/wp-content\/uploads\/2025\/01\/banner-lab_p-1536x260.jpg 1536w, https:\/\/liceulvinga.ro\/wp-content\/uploads\/2025\/01\/banner-lab_p-2048x347.jpg 2048w, https:\/\/liceulvinga.ro\/wp-content\/uploads\/2025\/01\/banner-lab_p-360x61.jpg 360w\" sizes=\"auto, (max-width: 1024px) 100vw, 1024px\" \/><\/figure>\n\n\n<ul class=\"wp-block-latest-posts__list wp-block-latest-posts\"><li><a class=\"wp-block-latest-posts__post-title\" href=\"https:\/\/liceulvinga.ro\/index.php\/comunicat-de-presa-proiect-pnrr-dotare-laborator-practica\/\">Comunicat de presa &#8211; proiect PNRR &#8211; dotare laborator practica<\/a><\/li>\n<\/ul>\n\n\n<hr class=\"wp-block-separator has-alpha-channel-opacity is-style-dots\"\/>\n\n\n\n<p><\/p>\n","protected":false},"excerpt":{"rendered":"<p>Lista proiectelor admise \u00een urma etapei de evaluare a eligibilit\u0103\u021bii solicitan\u021bilor \u0219i proiectelor \u00een cadrul apelului \u201eDotarea cu laboratoare de informatic\u0103 \u0219i ateliere de practic\u0103 a unit\u0103\u0163ilor de \u00eenv\u0103\u0163\u0103m\u00e2nt din re\u021beaua \u00eenv\u0103\u021b\u0103m\u00e2ntului profesional \u0219i tehnic\u201d Pe principiul\u2026 ,, fii tu <a href=\"https:\/\/liceulvinga.ro\/index.php\/pnrr\/\" class=\"read-more\">Mai departe &#8230;<\/a><\/p>\n","protected":false},"author":1,"featured_media":0,"parent":0,"menu_order":0,"comment_status":"closed","ping_status":"closed","template":"","meta":{"footnotes":""},"class_list":["post-1221","page","type-page","status-publish","hentry"],"_links":{"self":[{"href":"https:\/\/liceulvinga.ro\/index.php\/wp-json\/wp\/v2\/pages\/1221","targetHints":{"allow":["GET"]}}],"collection":[{"href":"https:\/\/liceulvinga.ro\/index.php\/wp-json\/wp\/v2\/pages"}],"about":[{"href":"https:\/\/liceulvinga.ro\/index.php\/wp-json\/wp\/v2\/types\/page"}],"author":[{"embeddable":true,"href":"https:\/\/liceulvinga.ro\/index.php\/wp-json\/wp\/v2\/users\/1"}],"replies":[{"embeddable":true,"href":"https:\/\/liceulvinga.ro\/index.php\/wp-json\/wp\/v2\/comments?post=1221"}],"version-history":[{"count":3,"href":"https:\/\/liceulvinga.ro\/index.php\/wp-json\/wp\/v2\/pages\/1221\/revisions"}],"predecessor-version":[{"id":1287,"href":"https:\/\/liceulvinga.ro\/index.php\/wp-json\/wp\/v2\/pages\/1221\/revisions\/1287"}],"wp:attachment":[{"href":"https:\/\/liceulvinga.ro\/index.php\/wp-json\/wp\/v2\/media?parent=1221"}],"curies":[{"name":"wp","href":"https:\/\/api.w.org\/{rel}","templated":true}]}}